{"id":169,"date":"2023-11-25T10:43:58","date_gmt":"2023-11-25T10:43:58","guid":{"rendered":"https:\/\/sl.claudiotirinnanzi.it\/?page_id=169"},"modified":"2023-11-25T10:47:51","modified_gmt":"2023-11-25T10:47:51","slug":"il-nostro-pantheon","status":"publish","type":"page","link":"https:\/\/sl.claudiotirinnanzi.it\/?page_id=169","title":{"rendered":"Il nostro Pantheon"},"content":{"rendered":"\n<div class=\"wp-block-cover alignfull has-custom-content-position is-position-bottom-center\" style=\"min-height:626px;aspect-ratio:unset;\"><span aria-hidden=\"true\" class=\"wp-block-cover__background has-background-dim\"><\/span><img loading=\"lazy\" decoding=\"async\" width=\"769\" height=\"531\" src=\"https:\/\/sl.claudiotirinnanzi.it\/wp-content\/uploads\/2023\/11\/Pantheon-Roma.jpg\" class=\"wp-block-cover__image-background wp-post-image\" alt=\"\" data-object-fit=\"cover\" srcset=\"https:\/\/sl.claudiotirinnanzi.it\/wp-content\/uploads\/2023\/11\/Pantheon-Roma-300x207.jpg 300w, https:\/\/sl.claudiotirinnanzi.it\/wp-content\/uploads\/2023\/11\/Pantheon-Roma.jpg 769w\" sizes=\"auto, (max-width: 769px) 100vw, 769px\" \/><div class=\"wp-block-cover__inner-container is-layout-constrained wp-block-cover-is-layout-constrained\">\n<p class=\"has-text-align-center\"><\/p>\n<\/div><\/div>\n\n\n\n<h1 class=\"wp-block-heading\">Il nostro Pantheon<\/h1>\n\n\n\n<h2 class=\"wp-block-heading has-lg-font-size\">Come Associazione culturale riteniamo che sia per noi un dovere ricordare e onorare chi per essa, a vario titolo, si \u00e8 adoperato. Ne siamo convinti in un\u2019epoca che retoricamente privilegia il domani oscurando passato e tradizione e, ancor pi\u00f9, come sostenitori di un liberalismo che identifica nell\u2019individualit\u00e0 il motore del mutamento.<\/h2>\n\n\n<div class=\"mai-grid entries entries-grid has-image-background\" style=\"--entry-title-font-size:var(--font-size-lg);--aspect-ratio:4\/3;--align-text:center;--align-text-vertical:end;--entry-meta-text-align:center;\"><div class=\"entries-wrap has-columns\" style=\"--columns-xs:1\/1;--columns-sm:1\/2;--columns-md:1\/2;--columns-lg:1\/2;--flex-xs:0 0 var(--flex-basis);--flex-sm:0 0 var(--flex-basis);--flex-md:0 0 var(--flex-basis);--flex-lg:0 0 var(--flex-basis);--column-gap:var(--spacing-lg);--row-gap:var(--spacing-lg);--align-columns:start;\"><article class=\"entry entry-grid is-column has-entry-link has-image has-image-first page type-page\" aria-label=\"I documenti di Societ\u00e0 Libera\"><figure class=\"entry-image-link\"><img loading=\"lazy\" decoding=\"async\" width=\"300\" height=\"162\" src=\"https:\/\/sl.claudiotirinnanzi.it\/wp-content\/uploads\/2023\/11\/libriantichi-300x162-1.jpg\" class=\"entry-image size-landscape-sm\" alt=\"\" \/><\/figure><div class=\"entry-wrap entry-wrap-grid\"><a class=\"entry-overlay entry-overlay-link\" href=\"https:\/\/sl.claudiotirinnanzi.it\/?page_id=225\" aria-labelledby=\"entry-title-1\"><\/a><h3 class=\"entry-title\" id=\"entry-title-1\"><a class=\"entry-title-link\" href=\"https:\/\/sl.claudiotirinnanzi.it\/?page_id=225\" rel=\"bookmark\">I documenti di Societ\u00e0 Libera<\/a><\/h3>\n<div class=\"entry-excerpt\"><p>20 settembre 2023 \u2013\u00a0Studiare Humanities \u2013 di Antonio Calabr\u00f215 settembre 2023 \u2013\u00a0Marx e il comunismo \u2013 di Filippo Bonfiglietti15 luglio 2023 \u2013\u00a0Apologia della storia libera e sovrana \u2013 di Angelo Maria Petroni10 giugno 2023 \u2013\u00a0The liberalism of Luigi Einaudi \u2013 di Angelo Maria Petroni5 maggio 2023 \u2013\u00a0Liberalismo continentale e anglosassone \u2013 di Angelo Maria Petroni2 &hellip;<\/p>\n<\/div><\/div><\/article><article class=\"entry entry-grid is-column has-entry-link has-image has-image-first page type-page\" aria-label=\"Vincenzo CAIANIELLO\"><figure class=\"entry-image-link\"><img loading=\"lazy\" decoding=\"async\" width=\"400\" height=\"300\" src=\"https:\/\/sl.claudiotirinnanzi.it\/wp-content\/uploads\/2023\/11\/Caianiello-400x300.jpg\" class=\"entry-image size-landscape-sm\" alt=\"\" \/><\/figure><div class=\"entry-wrap entry-wrap-grid\"><a class=\"entry-overlay entry-overlay-link\" href=\"https:\/\/sl.claudiotirinnanzi.it\/?page_id=186\" aria-labelledby=\"entry-title-2\"><\/a><h3 class=\"entry-title\" id=\"entry-title-2\"><a class=\"entry-title-link\" href=\"https:\/\/sl.claudiotirinnanzi.it\/?page_id=186\" rel=\"bookmark\">Vincenzo CAIANIELLO<\/a><\/h3>\n<div class=\"entry-excerpt\"><p>1932 Aversa \u2013 2002 Roma<\/p>\n<\/div><\/div><\/article><article class=\"entry entry-grid is-column has-entry-link has-image has-image-first page type-page\" aria-label=\"Nicola CABIBBO\"><figure class=\"entry-image-link\"><img loading=\"lazy\" decoding=\"async\" width=\"400\" height=\"300\" src=\"https:\/\/sl.claudiotirinnanzi.it\/wp-content\/uploads\/2023\/11\/cabibbo-400x300.jpg\" class=\"entry-image size-landscape-sm\" alt=\"\" \/><\/figure><div class=\"entry-wrap entry-wrap-grid\"><a class=\"entry-overlay entry-overlay-link\" href=\"https:\/\/sl.claudiotirinnanzi.it\/?page_id=183\" aria-labelledby=\"entry-title-3\"><\/a><h3 class=\"entry-title\" id=\"entry-title-3\"><a class=\"entry-title-link\" href=\"https:\/\/sl.claudiotirinnanzi.it\/?page_id=183\" rel=\"bookmark\">Nicola CABIBBO<\/a><\/h3>\n<div class=\"entry-excerpt\"><p>1935 Roma \u2013 2010 Roma<\/p>\n<\/div><\/div><\/article><article class=\"entry entry-grid is-column has-entry-link has-image has-image-first page type-page\" aria-label=\"Corrado BEGUINOT\"><figure class=\"entry-image-link\"><img loading=\"lazy\" decoding=\"async\" width=\"400\" height=\"300\" src=\"https:\/\/sl.claudiotirinnanzi.it\/wp-content\/uploads\/2023\/11\/BEGUINOT-400x300.jpg\" class=\"entry-image size-landscape-sm\" alt=\"\" \/><\/figure><div class=\"entry-wrap entry-wrap-grid\"><a class=\"entry-overlay entry-overlay-link\" href=\"https:\/\/sl.claudiotirinnanzi.it\/?page_id=174\" aria-labelledby=\"entry-title-4\"><\/a><h3 class=\"entry-title\" id=\"entry-title-4\"><a class=\"entry-title-link\" href=\"https:\/\/sl.claudiotirinnanzi.it\/?page_id=174\" rel=\"bookmark\">Corrado BEGUINOT<\/a><\/h3>\n<div class=\"entry-excerpt\"><p>1924 Napoli \u2013 2018 Napoli<\/p>\n<\/div><\/div><\/article><article class=\"entry entry-grid is-column has-entry-link has-image has-image-first page type-page\" aria-label=\"Il nostro Pantheon\"><figure class=\"entry-image-link\"><img loading=\"lazy\" decoding=\"async\" width=\"400\" height=\"300\" src=\"https:\/\/sl.claudiotirinnanzi.it\/wp-content\/uploads\/2023\/11\/Pantheon-Roma-400x300.jpg\" class=\"entry-image size-landscape-sm\" alt=\"\" \/><\/figure><div class=\"entry-wrap entry-wrap-grid\"><a class=\"entry-overlay entry-overlay-link\" href=\"https:\/\/sl.claudiotirinnanzi.it\/?page_id=169\" aria-labelledby=\"entry-title-5\"><\/a><h3 class=\"entry-title\" id=\"entry-title-5\"><a class=\"entry-title-link\" href=\"https:\/\/sl.claudiotirinnanzi.it\/?page_id=169\" rel=\"bookmark\">Il nostro Pantheon<\/a><\/h3>\n<div class=\"entry-excerpt\"><p>Come Associazione culturale riteniamo che sia per noi un dovere ricordare e onorare chi per essa, a vario titolo, si \u00e8 adoperato. Ne siamo convinti in un\u2019epoca che retoricamente privilegia il domani oscurando passato e tradizione e, ancor pi\u00f9, come sostenitori di un liberalismo che identifica nell\u2019individualit\u00e0 il motore del mutamento.<\/p>\n<\/div><\/div><\/article><article class=\"entry entry-grid is-column has-entry-link has-image has-image-first page type-page\" aria-label=\"Home Page\"><figure class=\"entry-image-link\"><img loading=\"lazy\" decoding=\"async\" width=\"293\" height=\"300\" src=\"https:\/\/sl.claudiotirinnanzi.it\/wp-content\/uploads\/2023\/11\/societa_libera_ventennale-293x300-1.jpg\" class=\"entry-image size-landscape-sm\" alt=\"\" \/><\/figure><div class=\"entry-wrap entry-wrap-grid\"><a class=\"entry-overlay entry-overlay-link\" href=\"https:\/\/sl.claudiotirinnanzi.it\/\" aria-labelledby=\"entry-title-6\"><\/a><h3 class=\"entry-title\" id=\"entry-title-6\"><a class=\"entry-title-link\" href=\"https:\/\/sl.claudiotirinnanzi.it\/\" rel=\"bookmark\">Home Page<\/a><\/h3>\n<\/div><\/article><article class=\"entry entry-grid is-column has-entry-link page type-page\" aria-label=\"Contatti\"><div class=\"entry-wrap entry-wrap-grid\"><a class=\"entry-overlay entry-overlay-link\" href=\"https:\/\/sl.claudiotirinnanzi.it\/?page_id=70\" aria-labelledby=\"entry-title-7\"><\/a><h3 class=\"entry-title\" id=\"entry-title-7\"><a class=\"entry-title-link\" href=\"https:\/\/sl.claudiotirinnanzi.it\/?page_id=70\" rel=\"bookmark\">Contatti<\/a><\/h3>\n<div class=\"entry-excerpt\"><p>ROMA 00186 \u2013 Piazza Rondanini, 52 \u2013 Tel. 0689538799 E-Mail:&nbsp;info (chiocciola) societalibera.org Facebook Twitter:&nbsp;@SocietaLibera Per inviare immediatamente un messaggio a Societ\u00e0 Liberapotete utilizzare il seguente modulo<\/p>\n<\/div><\/div><\/article><article class=\"entry entry-grid is-column has-entry-link page type-page\" aria-label=\"Aderisci\"><div class=\"entry-wrap entry-wrap-grid\"><a class=\"entry-overlay entry-overlay-link\" href=\"https:\/\/sl.claudiotirinnanzi.it\/?page_id=68\" aria-labelledby=\"entry-title-8\"><\/a><h3 class=\"entry-title\" id=\"entry-title-8\"><a class=\"entry-title-link\" href=\"https:\/\/sl.claudiotirinnanzi.it\/?page_id=68\" rel=\"bookmark\">Aderisci<\/a><\/h3>\n<div class=\"entry-excerpt\"><p>Aderisci Perch\u00e9 Sostenere Societ\u00e0 Libera. Costituendo Societ\u00e0 Libera, nel marzo del \u201998, avvertimmo l\u2019esigenza di superare approcci culturali precostituiti e vecchie appartenenze, che spesso finiscono per ricondurre su posizioni di parte impegni ed energie intellettuali che pur dovrebbero essere lontani da logiche di schieramento. Pur consapevoli delle difficolt\u00e0 di affermare una concezione e di una &hellip;<\/p>\n<\/div><\/div><\/article><article class=\"entry entry-grid is-column has-entry-link page type-page\" aria-label=\"Rassegna stampa\"><div class=\"entry-wrap entry-wrap-grid\"><a class=\"entry-overlay entry-overlay-link\" href=\"https:\/\/sl.claudiotirinnanzi.it\/?page_id=63\" aria-labelledby=\"entry-title-9\"><\/a><h3 class=\"entry-title\" id=\"entry-title-9\"><a class=\"entry-title-link\" href=\"https:\/\/sl.claudiotirinnanzi.it\/?page_id=63\" rel=\"bookmark\">Rassegna stampa<\/a><\/h3>\n<div class=\"entry-excerpt\"><p>Rassegna stampa, cosa dicono di noi: 2023 agosto 27 \u2013&nbsp;Nuovo Giornale Nazionale&nbsp;\u2013 Il Conflitto tra Verit\u00e0 e Opinione 2023 agosto 21 \u2013&nbsp;Affaritaliani&nbsp;\u2013 Il Sogno di una notte di mezza estate 2023 agosto 11 \u2013 &nbsp;Pensalibero&nbsp;\u2013 Summit di Pietroburgo 2023 luglio 29 \u2013&nbsp; &nbsp;&nbsp;Pensalibero&nbsp;\u2013&nbsp;Due Ragionamenti e una trasgressione 2023 luglio 23 \u2013&nbsp;&nbsp;Corriere Puglia e Lucania&nbsp;\u2013 Sul &hellip;<\/p>\n<\/div><\/div><\/article><article class=\"entry entry-grid is-column has-entry-link page type-page\" aria-label=\"Iniziative\"><div class=\"entry-wrap entry-wrap-grid\"><a class=\"entry-overlay entry-overlay-link\" href=\"https:\/\/sl.claudiotirinnanzi.it\/?page_id=64\" aria-labelledby=\"entry-title-10\"><\/a><h3 class=\"entry-title\" id=\"entry-title-10\"><a class=\"entry-title-link\" href=\"https:\/\/sl.claudiotirinnanzi.it\/?page_id=64\" rel=\"bookmark\">Iniziative<\/a><\/h3>\n<div class=\"entry-excerpt\"><p>18 settembre 2023 \u2013&nbsp;Convegno: Una societ\u00e0 libera nella crisi dell\u2019Occidente25 giugno 2022 \u2013&nbsp;Presentazione del volume \u201cQuadrante Occidentale\u201d25 giugno 2021 \u2013&nbsp;Convegno online: L\u2019Europa tra ripensamento e tramonto28 maggio 2021 \u2013&nbsp;Convegno online: Nicola Matteucci: il liberalismo: concetti, non parole24 ottobre 2020 \u2013&nbsp;XIII Marcia internazionale per la libert\u00e0 delle minoranze e dei popoli oppressi25 giugno 2020 \u2013&nbsp;Iniziative in &hellip;<\/p>\n<\/div><\/div><\/article><article class=\"entry entry-grid is-column has-entry-link page type-page\" aria-label=\"Chi Siamo\"><div class=\"entry-wrap entry-wrap-grid\"><a class=\"entry-overlay entry-overlay-link\" href=\"https:\/\/sl.claudiotirinnanzi.it\/?page_id=61\" aria-labelledby=\"entry-title-11\"><\/a><h3 class=\"entry-title\" id=\"entry-title-11\"><a class=\"entry-title-link\" href=\"https:\/\/sl.claudiotirinnanzi.it\/?page_id=61\" rel=\"bookmark\">Chi Siamo<\/a><\/h3>\n<div class=\"entry-excerpt\"><p>Con Societ\u00e0 Libera esponenti del mondo accademico ed imprenditoriale hanno ritenuto di dar vita ad una aggregazione, capace di arricchire il dibattito culturale e contribuire cos\u00ec al processo di trasformazione della societ\u00e0 italiana. Societ\u00e0 Libera vuole essere un\u2019opportunit\u00e0 di collegamento per coloro che condividono sia la necessit\u00e0 di riflettere su cosa una societ\u00e0 liberale richieda &hellip;<\/p>\n<\/div><\/div><\/article><article class=\"entry entry-grid is-column has-entry-link page type-page\" aria-label=\"Sample Page\"><div class=\"entry-wrap entry-wrap-grid\"><a class=\"entry-overlay entry-overlay-link\" href=\"https:\/\/sl.claudiotirinnanzi.it\/?page_id=2\" aria-labelledby=\"entry-title-12\"><\/a><h3 class=\"entry-title\" id=\"entry-title-12\"><a class=\"entry-title-link\" href=\"https:\/\/sl.claudiotirinnanzi.it\/?page_id=2\" rel=\"bookmark\">Sample Page<\/a><\/h3>\n<div class=\"entry-excerpt\"><p>This is an example page. It&#8217;s different from a blog post because it will stay in one place and will show up in your site navigation (in most themes). Most people start with an About page that introduces them to potential site visitors. It might say something like this: Hi there! I&#8217;m a bike messenger &hellip;<\/p>\n<\/div><\/div><\/article><\/div><\/div>","protected":false},"excerpt":{"rendered":"<p>Come Associazione culturale riteniamo che sia per noi un dovere ricordare e onorare chi per essa, a vario titolo, si \u00e8 adoperato. Ne siamo convinti in un\u2019epoca che retoricamente privilegia il domani oscurando passato e tradizione e, ancor pi\u00f9, come sostenitori di un liberalismo che identifica nell\u2019individualit\u00e0 il motore del mutamento.<\/p>\n","protected":false},"author":1,"featured_media":170,"parent":0,"menu_order":0,"comment_status":"closed","ping_status":"closed","template":"","meta":{"_genesis_hide_title":false,"_genesis_hide_breadcrumbs":false,"_genesis_hide_singular_image":false,"_genesis_hide_footer_widgets":false,"_genesis_custom_body_class":"","_genesis_custom_post_class":"","_genesis_layout":"","footnotes":""},"class_list":{"1":"page","2":"type-page","6":"entry"},"yoast_head":"<!-- This site is optimized with the Yoast SEO plugin v23.8 - https:\/\/yoast.com\/wordpress\/plugins\/seo\/ -->\n<title>Il nostro Pantheon - Societ\u00e0 Libera<\/title>\n<meta name=\"robots\" content=\"index, follow, max-snippet:-1, max-image-preview:large, max-video-preview:-1\" \/>\n<link rel=\"canonical\" href=\"https:\/\/sl.claudiotirinnanzi.it\/?page_id=169\" \/>\n<meta property=\"og:locale\" content=\"it_IT\" \/>\n<meta property=\"og:type\" content=\"article\" \/>\n<meta property=\"og:title\" content=\"Il nostro Pantheon - Societ\u00e0 Libera\" \/>\n<meta property=\"og:description\" content=\"Come Associazione culturale riteniamo che sia per noi un dovere ricordare e onorare chi per essa, a vario titolo, si \u00e8 adoperato. Ne siamo convinti in un\u2019epoca che retoricamente privilegia il domani oscurando passato e tradizione e, ancor pi\u00f9, come sostenitori di un liberalismo che identifica nell\u2019individualit\u00e0 il motore del mutamento.\" \/>\n<meta property=\"og:url\" content=\"https:\/\/sl.claudiotirinnanzi.it\/?page_id=169\" \/>\n<meta property=\"og:site_name\" content=\"Societ\u00e0 Libera\" \/>\n<meta property=\"article:modified_time\" content=\"2023-11-25T10:47:51+00:00\" \/>\n<meta property=\"og:image\" content=\"https:\/\/sl.claudiotirinnanzi.it\/wp-content\/uploads\/2023\/11\/Pantheon-Roma.jpg\" \/>\n\t<meta property=\"og:image:width\" content=\"769\" \/>\n\t<meta property=\"og:image:height\" content=\"531\" \/>\n\t<meta property=\"og:image:type\" content=\"image\/jpeg\" \/>\n<meta name=\"twitter:card\" content=\"summary_large_image\" \/>\n<meta name=\"twitter:label1\" content=\"Tempo di lettura stimato\" \/>\n\t<meta name=\"twitter:data1\" content=\"1 minuto\" \/>\n<script type=\"application\/ld+json\" class=\"yoast-schema-graph\">{\"@context\":\"https:\/\/schema.org\",\"@graph\":[{\"@type\":\"WebPage\",\"@id\":\"https:\/\/sl.claudiotirinnanzi.it\/?page_id=169\",\"url\":\"https:\/\/sl.claudiotirinnanzi.it\/?page_id=169\",\"name\":\"Il nostro Pantheon - Societ\u00e0 Libera\",\"isPartOf\":{\"@id\":\"https:\/\/sl.claudiotirinnanzi.it\/#website\"},\"primaryImageOfPage\":{\"@id\":\"https:\/\/sl.claudiotirinnanzi.it\/?page_id=169#primaryimage\"},\"image\":{\"@id\":\"https:\/\/sl.claudiotirinnanzi.it\/?page_id=169#primaryimage\"},\"thumbnailUrl\":\"https:\/\/sl.claudiotirinnanzi.it\/wp-content\/uploads\/2023\/11\/Pantheon-Roma.jpg\",\"datePublished\":\"2023-11-25T10:43:58+00:00\",\"dateModified\":\"2023-11-25T10:47:51+00:00\",\"breadcrumb\":{\"@id\":\"https:\/\/sl.claudiotirinnanzi.it\/?page_id=169#breadcrumb\"},\"inLanguage\":\"it-IT\",\"potentialAction\":[{\"@type\":\"ReadAction\",\"target\":[\"https:\/\/sl.claudiotirinnanzi.it\/?page_id=169\"]}]},{\"@type\":\"ImageObject\",\"inLanguage\":\"it-IT\",\"@id\":\"https:\/\/sl.claudiotirinnanzi.it\/?page_id=169#primaryimage\",\"url\":\"https:\/\/sl.claudiotirinnanzi.it\/wp-content\/uploads\/2023\/11\/Pantheon-Roma.jpg\",\"contentUrl\":\"https:\/\/sl.claudiotirinnanzi.it\/wp-content\/uploads\/2023\/11\/Pantheon-Roma.jpg\",\"width\":769,\"height\":531},{\"@type\":\"BreadcrumbList\",\"@id\":\"https:\/\/sl.claudiotirinnanzi.it\/?page_id=169#breadcrumb\",\"itemListElement\":[{\"@type\":\"ListItem\",\"position\":1,\"name\":\"Home\",\"item\":\"https:\/\/sl.claudiotirinnanzi.it\/\"},{\"@type\":\"ListItem\",\"position\":2,\"name\":\"Il nostro Pantheon\"}]},{\"@type\":\"WebSite\",\"@id\":\"https:\/\/sl.claudiotirinnanzi.it\/#website\",\"url\":\"https:\/\/sl.claudiotirinnanzi.it\/\",\"name\":\"Societ\u00e0 Libera\",\"description\":\"\",\"publisher\":{\"@id\":\"https:\/\/sl.claudiotirinnanzi.it\/#organization\"},\"potentialAction\":[{\"@type\":\"SearchAction\",\"target\":{\"@type\":\"EntryPoint\",\"urlTemplate\":\"https:\/\/sl.claudiotirinnanzi.it\/?s={search_term_string}\"},\"query-input\":{\"@type\":\"PropertyValueSpecification\",\"valueRequired\":true,\"valueName\":\"search_term_string\"}}],\"inLanguage\":\"it-IT\"},{\"@type\":\"Organization\",\"@id\":\"https:\/\/sl.claudiotirinnanzi.it\/#organization\",\"name\":\"Societ\u00e0 Libera\",\"url\":\"https:\/\/sl.claudiotirinnanzi.it\/\",\"logo\":{\"@type\":\"ImageObject\",\"inLanguage\":\"it-IT\",\"@id\":\"https:\/\/sl.claudiotirinnanzi.it\/#\/schema\/logo\/image\/\",\"url\":\"https:\/\/sl.claudiotirinnanzi.it\/wp-content\/uploads\/2023\/11\/logo-sl-blu.png\",\"contentUrl\":\"https:\/\/sl.claudiotirinnanzi.it\/wp-content\/uploads\/2023\/11\/logo-sl-blu.png\",\"width\":1140,\"height\":218,\"caption\":\"Societ\u00e0 Libera\"},\"image\":{\"@id\":\"https:\/\/sl.claudiotirinnanzi.it\/#\/schema\/logo\/image\/\"}}]}<\/script>\n<!-- \/ Yoast SEO plugin. -->","yoast_head_json":{"title":"Il nostro Pantheon - Societ\u00e0 Libera","robots":{"index":"index","follow":"follow","max-snippet":"max-snippet:-1","max-image-preview":"max-image-preview:large","max-video-preview":"max-video-preview:-1"},"canonical":"https:\/\/sl.claudiotirinnanzi.it\/?page_id=169","og_locale":"it_IT","og_type":"article","og_title":"Il nostro Pantheon - Societ\u00e0 Libera","og_description":"Come Associazione culturale riteniamo che sia per noi un dovere ricordare e onorare chi per essa, a vario titolo, si \u00e8 adoperato. Ne siamo convinti in un\u2019epoca che retoricamente privilegia il domani oscurando passato e tradizione e, ancor pi\u00f9, come sostenitori di un liberalismo che identifica nell\u2019individualit\u00e0 il motore del mutamento.","og_url":"https:\/\/sl.claudiotirinnanzi.it\/?page_id=169","og_site_name":"Societ\u00e0 Libera","article_modified_time":"2023-11-25T10:47:51+00:00","og_image":[{"width":769,"height":531,"url":"https:\/\/sl.claudiotirinnanzi.it\/wp-content\/uploads\/2023\/11\/Pantheon-Roma.jpg","type":"image\/jpeg"}],"twitter_card":"summary_large_image","twitter_misc":{"Tempo di lettura stimato":"1 minuto"},"schema":{"@context":"https:\/\/schema.org","@graph":[{"@type":"WebPage","@id":"https:\/\/sl.claudiotirinnanzi.it\/?page_id=169","url":"https:\/\/sl.claudiotirinnanzi.it\/?page_id=169","name":"Il nostro Pantheon - Societ\u00e0 Libera","isPartOf":{"@id":"https:\/\/sl.claudiotirinnanzi.it\/#website"},"primaryImageOfPage":{"@id":"https:\/\/sl.claudiotirinnanzi.it\/?page_id=169#primaryimage"},"image":{"@id":"https:\/\/sl.claudiotirinnanzi.it\/?page_id=169#primaryimage"},"thumbnailUrl":"https:\/\/sl.claudiotirinnanzi.it\/wp-content\/uploads\/2023\/11\/Pantheon-Roma.jpg","datePublished":"2023-11-25T10:43:58+00:00","dateModified":"2023-11-25T10:47:51+00:00","breadcrumb":{"@id":"https:\/\/sl.claudiotirinnanzi.it\/?page_id=169#breadcrumb"},"inLanguage":"it-IT","potentialAction":[{"@type":"ReadAction","target":["https:\/\/sl.claudiotirinnanzi.it\/?page_id=169"]}]},{"@type":"ImageObject","inLanguage":"it-IT","@id":"https:\/\/sl.claudiotirinnanzi.it\/?page_id=169#primaryimage","url":"https:\/\/sl.claudiotirinnanzi.it\/wp-content\/uploads\/2023\/11\/Pantheon-Roma.jpg","contentUrl":"https:\/\/sl.claudiotirinnanzi.it\/wp-content\/uploads\/2023\/11\/Pantheon-Roma.jpg","width":769,"height":531},{"@type":"BreadcrumbList","@id":"https:\/\/sl.claudiotirinnanzi.it\/?page_id=169#breadcrumb","itemListElement":[{"@type":"ListItem","position":1,"name":"Home","item":"https:\/\/sl.claudiotirinnanzi.it\/"},{"@type":"ListItem","position":2,"name":"Il nostro Pantheon"}]},{"@type":"WebSite","@id":"https:\/\/sl.claudiotirinnanzi.it\/#website","url":"https:\/\/sl.claudiotirinnanzi.it\/","name":"Societ\u00e0 Libera","description":"","publisher":{"@id":"https:\/\/sl.claudiotirinnanzi.it\/#organization"},"potentialAction":[{"@type":"SearchAction","target":{"@type":"EntryPoint","urlTemplate":"https:\/\/sl.claudiotirinnanzi.it\/?s={search_term_string}"},"query-input":{"@type":"PropertyValueSpecification","valueRequired":true,"valueName":"search_term_string"}}],"inLanguage":"it-IT"},{"@type":"Organization","@id":"https:\/\/sl.claudiotirinnanzi.it\/#organization","name":"Societ\u00e0 Libera","url":"https:\/\/sl.claudiotirinnanzi.it\/","logo":{"@type":"ImageObject","inLanguage":"it-IT","@id":"https:\/\/sl.claudiotirinnanzi.it\/#\/schema\/logo\/image\/","url":"https:\/\/sl.claudiotirinnanzi.it\/wp-content\/uploads\/2023\/11\/logo-sl-blu.png","contentUrl":"https:\/\/sl.claudiotirinnanzi.it\/wp-content\/uploads\/2023\/11\/logo-sl-blu.png","width":1140,"height":218,"caption":"Societ\u00e0 Libera"},"image":{"@id":"https:\/\/sl.claudiotirinnanzi.it\/#\/schema\/logo\/image\/"}}]}},"acf":[],"_links":{"self":[{"href":"https:\/\/sl.claudiotirinnanzi.it\/index.php?rest_route=\/wp\/v2\/pages\/169","targetHints":{"allow":["GET"]}}],"collection":[{"href":"https:\/\/sl.claudiotirinnanzi.it\/index.php?rest_route=\/wp\/v2\/pages"}],"about":[{"href":"https:\/\/sl.claudiotirinnanzi.it\/index.php?rest_route=\/wp\/v2\/types\/page"}],"author":[{"embeddable":true,"href":"https:\/\/sl.claudiotirinnanzi.it\/index.php?rest_route=\/wp\/v2\/users\/1"}],"replies":[{"embeddable":true,"href":"https:\/\/sl.claudiotirinnanzi.it\/index.php?rest_route=%2Fwp%2Fv2%2Fcomments&post=169"}],"version-history":[{"count":6,"href":"https:\/\/sl.claudiotirinnanzi.it\/index.php?rest_route=\/wp\/v2\/pages\/169\/revisions"}],"predecessor-version":[{"id":182,"href":"https:\/\/sl.claudiotirinnanzi.it\/index.php?rest_route=\/wp\/v2\/pages\/169\/revisions\/182"}],"wp:featuredmedia":[{"embeddable":true,"href":"https:\/\/sl.claudiotirinnanzi.it\/index.php?rest_route=\/wp\/v2\/media\/170"}],"wp:attachment":[{"href":"https:\/\/sl.claudiotirinnanzi.it\/index.php?rest_route=%2Fwp%2Fv2%2Fmedia&parent=169"}],"curies":[{"name":"wp","href":"https:\/\/api.w.org\/{rel}","templated":true}]}}