{"id":174,"date":"2023-11-25T10:46:12","date_gmt":"2023-11-25T10:46:12","guid":{"rendered":"https:\/\/sl.claudiotirinnanzi.it\/?page_id=174"},"modified":"2023-11-25T10:46:12","modified_gmt":"2023-11-25T10:46:12","slug":"corrado-beguinot","status":"publish","type":"page","link":"https:\/\/sl.claudiotirinnanzi.it\/?page_id=174","title":{"rendered":"Corrado BEGUINOT"},"content":{"rendered":"<div class=\"wp-block-image\">\n<figure class=\"aligncenter size-full\"><img loading=\"lazy\" decoding=\"async\" width=\"624\" height=\"480\" src=\"https:\/\/sl.claudiotirinnanzi.it\/wp-content\/uploads\/2023\/11\/BEGUINOT.jpg\" alt=\"\" class=\"wp-image-175\" srcset=\"https:\/\/sl.claudiotirinnanzi.it\/wp-content\/uploads\/2023\/11\/BEGUINOT-300x231.jpg 300w, https:\/\/sl.claudiotirinnanzi.it\/wp-content\/uploads\/2023\/11\/BEGUINOT.jpg 624w\" sizes=\"auto, (max-width: 624px) 100vw, 624px\" \/><figcaption class=\"wp-element-caption\">Prof.Beguinot.tif<\/figcaption><\/figure>\n<\/div>\n\n\n<p>Luminare delle discipline urbanistiche, capofila di una generazione di studiosi, professore di Tecnica Urbanistica ha ricoperto svariati ruoli istituzionali. Nel 2000 entra a far parte del nostro Comitato Scientifico, con una magistrale relazione fu animatore del convegno&nbsp;<em>Urbanistica concorsuale e riqualificazione urbana,<\/em>&nbsp;Napoli 2002. La nostra Carta Liberale per la Citt\u00e0, con i suoi principi di Libert\u00e0 e Responsabilit\u00e0 individuale, fu da lui inserita nel volume World Urban Forum per il dibattito che le Nazioni Unite-Habitat tennero a Napoli.<\/p>\n","protected":false},"excerpt":{"rendered":"<p>1924 Napoli \u2013 2018 Napoli<\/p>\n","protected":false},"author":1,"featured_media":175,"parent":169,"menu_order":0,"comment_status":"closed","ping_status":"closed","template":"","meta":{"_genesis_hide_title":false,"_genesis_hide_breadcrumbs":false,"_genesis_hide_singular_image":false,"_genesis_hide_footer_widgets":false,"_genesis_custom_body_class":"","_genesis_custom_post_class":"","_genesis_layout":"","footnotes":""},"class_list":{"1":"page","2":"type-page","6":"entry"},"yoast_head":"<!-- This site is optimized with the Yoast SEO plugin v23.8 - https:\/\/yoast.com\/wordpress\/plugins\/seo\/ -->\n<title>Corrado BEGUINOT - Societ\u00e0 Libera<\/title>\n<meta name=\"robots\" content=\"index, follow, max-snippet:-1, max-image-preview:large, max-video-preview:-1\" \/>\n<link rel=\"canonical\" href=\"https:\/\/sl.claudiotirinnanzi.it\/?page_id=174\" \/>\n<meta property=\"og:locale\" content=\"it_IT\" \/>\n<meta property=\"og:type\" content=\"article\" \/>\n<meta property=\"og:title\" content=\"Corrado BEGUINOT - Societ\u00e0 Libera\" \/>\n<meta property=\"og:description\" content=\"1924 Napoli \u2013 2018 Napoli\" \/>\n<meta property=\"og:url\" content=\"https:\/\/sl.claudiotirinnanzi.it\/?page_id=174\" \/>\n<meta property=\"og:site_name\" content=\"Societ\u00e0 Libera\" \/>\n<meta property=\"og:image\" content=\"https:\/\/sl.claudiotirinnanzi.it\/wp-content\/uploads\/2023\/11\/BEGUINOT.jpg\" \/>\n\t<meta property=\"og:image:width\" content=\"624\" \/>\n\t<meta property=\"og:image:height\" content=\"480\" \/>\n\t<meta property=\"og:image:type\" content=\"image\/jpeg\" \/>\n<meta name=\"twitter:card\" content=\"summary_large_image\" \/>\n<meta name=\"twitter:label1\" content=\"Tempo di lettura stimato\" \/>\n\t<meta name=\"twitter:data1\" content=\"1 minuto\" \/>\n<script type=\"application\/ld+json\" class=\"yoast-schema-graph\">{\"@context\":\"https:\/\/schema.org\",\"@graph\":[{\"@type\":\"WebPage\",\"@id\":\"https:\/\/sl.claudiotirinnanzi.it\/?page_id=174\",\"url\":\"https:\/\/sl.claudiotirinnanzi.it\/?page_id=174\",\"name\":\"Corrado BEGUINOT - Societ\u00e0 Libera\",\"isPartOf\":{\"@id\":\"https:\/\/sl.claudiotirinnanzi.it\/#website\"},\"primaryImageOfPage\":{\"@id\":\"https:\/\/sl.claudiotirinnanzi.it\/?page_id=174#primaryimage\"},\"image\":{\"@id\":\"https:\/\/sl.claudiotirinnanzi.it\/?page_id=174#primaryimage\"},\"thumbnailUrl\":\"https:\/\/sl.claudiotirinnanzi.it\/wp-content\/uploads\/2023\/11\/BEGUINOT.jpg\",\"datePublished\":\"2023-11-25T10:46:12+00:00\",\"dateModified\":\"2023-11-25T10:46:12+00:00\",\"breadcrumb\":{\"@id\":\"https:\/\/sl.claudiotirinnanzi.it\/?page_id=174#breadcrumb\"},\"inLanguage\":\"it-IT\",\"potentialAction\":[{\"@type\":\"ReadAction\",\"target\":[\"https:\/\/sl.claudiotirinnanzi.it\/?page_id=174\"]}]},{\"@type\":\"ImageObject\",\"inLanguage\":\"it-IT\",\"@id\":\"https:\/\/sl.claudiotirinnanzi.it\/?page_id=174#primaryimage\",\"url\":\"https:\/\/sl.claudiotirinnanzi.it\/wp-content\/uploads\/2023\/11\/BEGUINOT.jpg\",\"contentUrl\":\"https:\/\/sl.claudiotirinnanzi.it\/wp-content\/uploads\/2023\/11\/BEGUINOT.jpg\",\"width\":624,\"height\":480,\"caption\":\"Prof.Beguinot.tif\"},{\"@type\":\"BreadcrumbList\",\"@id\":\"https:\/\/sl.claudiotirinnanzi.it\/?page_id=174#breadcrumb\",\"itemListElement\":[{\"@type\":\"ListItem\",\"position\":1,\"name\":\"Home\",\"item\":\"https:\/\/sl.claudiotirinnanzi.it\/\"},{\"@type\":\"ListItem\",\"position\":2,\"name\":\"Il nostro Pantheon\",\"item\":\"https:\/\/sl.claudiotirinnanzi.it\/?page_id=169\"},{\"@type\":\"ListItem\",\"position\":3,\"name\":\"Corrado BEGUINOT\"}]},{\"@type\":\"WebSite\",\"@id\":\"https:\/\/sl.claudiotirinnanzi.it\/#website\",\"url\":\"https:\/\/sl.claudiotirinnanzi.it\/\",\"name\":\"Societ\u00e0 Libera\",\"description\":\"\",\"publisher\":{\"@id\":\"https:\/\/sl.claudiotirinnanzi.it\/#organization\"},\"potentialAction\":[{\"@type\":\"SearchAction\",\"target\":{\"@type\":\"EntryPoint\",\"urlTemplate\":\"https:\/\/sl.claudiotirinnanzi.it\/?s={search_term_string}\"},\"query-input\":{\"@type\":\"PropertyValueSpecification\",\"valueRequired\":true,\"valueName\":\"search_term_string\"}}],\"inLanguage\":\"it-IT\"},{\"@type\":\"Organization\",\"@id\":\"https:\/\/sl.claudiotirinnanzi.it\/#organization\",\"name\":\"Societ\u00e0 Libera\",\"url\":\"https:\/\/sl.claudiotirinnanzi.it\/\",\"logo\":{\"@type\":\"ImageObject\",\"inLanguage\":\"it-IT\",\"@id\":\"https:\/\/sl.claudiotirinnanzi.it\/#\/schema\/logo\/image\/\",\"url\":\"https:\/\/sl.claudiotirinnanzi.it\/wp-content\/uploads\/2023\/11\/logo-sl-blu.png\",\"contentUrl\":\"https:\/\/sl.claudiotirinnanzi.it\/wp-content\/uploads\/2023\/11\/logo-sl-blu.png\",\"width\":1140,\"height\":218,\"caption\":\"Societ\u00e0 Libera\"},\"image\":{\"@id\":\"https:\/\/sl.claudiotirinnanzi.it\/#\/schema\/logo\/image\/\"}}]}<\/script>\n<!-- \/ Yoast SEO plugin. -->","yoast_head_json":{"title":"Corrado BEGUINOT - Societ\u00e0 Libera","robots":{"index":"index","follow":"follow","max-snippet":"max-snippet:-1","max-image-preview":"max-image-preview:large","max-video-preview":"max-video-preview:-1"},"canonical":"https:\/\/sl.claudiotirinnanzi.it\/?page_id=174","og_locale":"it_IT","og_type":"article","og_title":"Corrado BEGUINOT - Societ\u00e0 Libera","og_description":"1924 Napoli \u2013 2018 Napoli","og_url":"https:\/\/sl.claudiotirinnanzi.it\/?page_id=174","og_site_name":"Societ\u00e0 Libera","og_image":[{"width":624,"height":480,"url":"https:\/\/sl.claudiotirinnanzi.it\/wp-content\/uploads\/2023\/11\/BEGUINOT.jpg","type":"image\/jpeg"}],"twitter_card":"summary_large_image","twitter_misc":{"Tempo di lettura stimato":"1 minuto"},"schema":{"@context":"https:\/\/schema.org","@graph":[{"@type":"WebPage","@id":"https:\/\/sl.claudiotirinnanzi.it\/?page_id=174","url":"https:\/\/sl.claudiotirinnanzi.it\/?page_id=174","name":"Corrado BEGUINOT - Societ\u00e0 Libera","isPartOf":{"@id":"https:\/\/sl.claudiotirinnanzi.it\/#website"},"primaryImageOfPage":{"@id":"https:\/\/sl.claudiotirinnanzi.it\/?page_id=174#primaryimage"},"image":{"@id":"https:\/\/sl.claudiotirinnanzi.it\/?page_id=174#primaryimage"},"thumbnailUrl":"https:\/\/sl.claudiotirinnanzi.it\/wp-content\/uploads\/2023\/11\/BEGUINOT.jpg","datePublished":"2023-11-25T10:46:12+00:00","dateModified":"2023-11-25T10:46:12+00:00","breadcrumb":{"@id":"https:\/\/sl.claudiotirinnanzi.it\/?page_id=174#breadcrumb"},"inLanguage":"it-IT","potentialAction":[{"@type":"ReadAction","target":["https:\/\/sl.claudiotirinnanzi.it\/?page_id=174"]}]},{"@type":"ImageObject","inLanguage":"it-IT","@id":"https:\/\/sl.claudiotirinnanzi.it\/?page_id=174#primaryimage","url":"https:\/\/sl.claudiotirinnanzi.it\/wp-content\/uploads\/2023\/11\/BEGUINOT.jpg","contentUrl":"https:\/\/sl.claudiotirinnanzi.it\/wp-content\/uploads\/2023\/11\/BEGUINOT.jpg","width":624,"height":480,"caption":"Prof.Beguinot.tif"},{"@type":"BreadcrumbList","@id":"https:\/\/sl.claudiotirinnanzi.it\/?page_id=174#breadcrumb","itemListElement":[{"@type":"ListItem","position":1,"name":"Home","item":"https:\/\/sl.claudiotirinnanzi.it\/"},{"@type":"ListItem","position":2,"name":"Il nostro Pantheon","item":"https:\/\/sl.claudiotirinnanzi.it\/?page_id=169"},{"@type":"ListItem","position":3,"name":"Corrado BEGUINOT"}]},{"@type":"WebSite","@id":"https:\/\/sl.claudiotirinnanzi.it\/#website","url":"https:\/\/sl.claudiotirinnanzi.it\/","name":"Societ\u00e0 Libera","description":"","publisher":{"@id":"https:\/\/sl.claudiotirinnanzi.it\/#organization"},"potentialAction":[{"@type":"SearchAction","target":{"@type":"EntryPoint","urlTemplate":"https:\/\/sl.claudiotirinnanzi.it\/?s={search_term_string}"},"query-input":{"@type":"PropertyValueSpecification","valueRequired":true,"valueName":"search_term_string"}}],"inLanguage":"it-IT"},{"@type":"Organization","@id":"https:\/\/sl.claudiotirinnanzi.it\/#organization","name":"Societ\u00e0 Libera","url":"https:\/\/sl.claudiotirinnanzi.it\/","logo":{"@type":"ImageObject","inLanguage":"it-IT","@id":"https:\/\/sl.claudiotirinnanzi.it\/#\/schema\/logo\/image\/","url":"https:\/\/sl.claudiotirinnanzi.it\/wp-content\/uploads\/2023\/11\/logo-sl-blu.png","contentUrl":"https:\/\/sl.claudiotirinnanzi.it\/wp-content\/uploads\/2023\/11\/logo-sl-blu.png","width":1140,"height":218,"caption":"Societ\u00e0 Libera"},"image":{"@id":"https:\/\/sl.claudiotirinnanzi.it\/#\/schema\/logo\/image\/"}}]}},"acf":[],"_links":{"self":[{"href":"https:\/\/sl.claudiotirinnanzi.it\/index.php?rest_route=\/wp\/v2\/pages\/174","targetHints":{"allow":["GET"]}}],"collection":[{"href":"https:\/\/sl.claudiotirinnanzi.it\/index.php?rest_route=\/wp\/v2\/pages"}],"about":[{"href":"https:\/\/sl.claudiotirinnanzi.it\/index.php?rest_route=\/wp\/v2\/types\/page"}],"author":[{"embeddable":true,"href":"https:\/\/sl.claudiotirinnanzi.it\/index.php?rest_route=\/wp\/v2\/users\/1"}],"replies":[{"embeddable":true,"href":"https:\/\/sl.claudiotirinnanzi.it\/index.php?rest_route=%2Fwp%2Fv2%2Fcomments&post=174"}],"version-history":[{"count":1,"href":"https:\/\/sl.claudiotirinnanzi.it\/index.php?rest_route=\/wp\/v2\/pages\/174\/revisions"}],"predecessor-version":[{"id":176,"href":"https:\/\/sl.claudiotirinnanzi.it\/index.php?rest_route=\/wp\/v2\/pages\/174\/revisions\/176"}],"up":[{"embeddable":true,"href":"https:\/\/sl.claudiotirinnanzi.it\/index.php?rest_route=\/wp\/v2\/pages\/169"}],"wp:featuredmedia":[{"embeddable":true,"href":"https:\/\/sl.claudiotirinnanzi.it\/index.php?rest_route=\/wp\/v2\/media\/175"}],"wp:attachment":[{"href":"https:\/\/sl.claudiotirinnanzi.it\/index.php?rest_route=%2Fwp%2Fv2%2Fmedia&parent=174"}],"curies":[{"name":"wp","href":"https:\/\/api.w.org\/{rel}","templated":true}]}}