{"id":183,"date":"2023-11-25T10:49:05","date_gmt":"2023-11-25T10:49:05","guid":{"rendered":"https:\/\/sl.claudiotirinnanzi.it\/?page_id=183"},"modified":"2023-11-25T10:49:06","modified_gmt":"2023-11-25T10:49:06","slug":"nicola-cabibbo","status":"publish","type":"page","link":"https:\/\/sl.claudiotirinnanzi.it\/?page_id=183","title":{"rendered":"Nicola CABIBBO"},"content":{"rendered":"<div class=\"wp-block-image\">\n<figure class=\"alignright size-medium\"><img loading=\"lazy\" decoding=\"async\" width=\"208\" height=\"300\" src=\"https:\/\/sl.claudiotirinnanzi.it\/wp-content\/uploads\/2023\/11\/cabibbo-208x300.jpg\" alt=\"\" class=\"wp-image-184\" srcset=\"https:\/\/sl.claudiotirinnanzi.it\/wp-content\/uploads\/2023\/11\/cabibbo-208x300.jpg 208w, https:\/\/sl.claudiotirinnanzi.it\/wp-content\/uploads\/2023\/11\/cabibbo.jpg 485w\" sizes=\"auto, (max-width: 208px) 100vw, 208px\" \/><\/figure>\n<\/div>\n\n\n<p>Fisico teorico di fama mondiale. Presidente dell\u2019Istituto di Fisica Nucleare, dell\u2019Enea e della pontificia Accademia delle Scienze. Societ\u00e0 Libera nel 2009 gli confer\u00ec il Premio Internazionale alla Libert\u00e0, per il rigore con cui, nella migliore tradizione liberale, affrontava le sfide della ricerca: dal rapporto tra scienza e fede al tema della laicit\u00e0. Successivamente si adoper\u00f2 per il conferimento dello stesso Premio a Padre George Coyne, ambedue, tra gli artefici della riabilitazione di Galileo Galilei da parte di Giovanni Paolo II.<\/p>\n","protected":false},"excerpt":{"rendered":"<p>1935 Roma \u2013 2010 Roma<\/p>\n","protected":false},"author":1,"featured_media":0,"parent":169,"menu_order":0,"comment_status":"closed","ping_status":"closed","template":"","meta":{"_genesis_hide_title":false,"_genesis_hide_breadcrumbs":false,"_genesis_hide_singular_image":false,"_genesis_hide_footer_widgets":false,"_genesis_custom_body_class":"","_genesis_custom_post_class":"","_genesis_layout":"","footnotes":""},"class_list":{"1":"page","2":"type-page","5":"entry"},"yoast_head":"<!-- This site is optimized with the Yoast SEO plugin v23.8 - https:\/\/yoast.com\/wordpress\/plugins\/seo\/ -->\n<title>Nicola CABIBBO - Societ\u00e0 Libera<\/title>\n<meta name=\"robots\" content=\"index, follow, max-snippet:-1, max-image-preview:large, max-video-preview:-1\" \/>\n<link rel=\"canonical\" href=\"https:\/\/sl.claudiotirinnanzi.it\/?page_id=183\" \/>\n<meta property=\"og:locale\" content=\"it_IT\" \/>\n<meta property=\"og:type\" content=\"article\" \/>\n<meta property=\"og:title\" content=\"Nicola CABIBBO - Societ\u00e0 Libera\" \/>\n<meta property=\"og:description\" content=\"1935 Roma \u2013 2010 Roma\" \/>\n<meta property=\"og:url\" content=\"https:\/\/sl.claudiotirinnanzi.it\/?page_id=183\" \/>\n<meta property=\"og:site_name\" content=\"Societ\u00e0 Libera\" \/>\n<meta property=\"article:modified_time\" content=\"2023-11-25T10:49:06+00:00\" \/>\n<meta property=\"og:image\" content=\"https:\/\/sl.claudiotirinnanzi.it\/wp-content\/uploads\/2023\/11\/cabibbo-208x300.jpg\" \/>\n<meta name=\"twitter:card\" content=\"summary_large_image\" \/>\n<meta name=\"twitter:label1\" content=\"Tempo di lettura stimato\" \/>\n\t<meta name=\"twitter:data1\" content=\"1 minuto\" \/>\n<script type=\"application\/ld+json\" class=\"yoast-schema-graph\">{\"@context\":\"https:\/\/schema.org\",\"@graph\":[{\"@type\":\"WebPage\",\"@id\":\"https:\/\/sl.claudiotirinnanzi.it\/?page_id=183\",\"url\":\"https:\/\/sl.claudiotirinnanzi.it\/?page_id=183\",\"name\":\"Nicola CABIBBO - Societ\u00e0 Libera\",\"isPartOf\":{\"@id\":\"https:\/\/sl.claudiotirinnanzi.it\/#website\"},\"primaryImageOfPage\":{\"@id\":\"https:\/\/sl.claudiotirinnanzi.it\/?page_id=183#primaryimage\"},\"image\":{\"@id\":\"https:\/\/sl.claudiotirinnanzi.it\/?page_id=183#primaryimage\"},\"thumbnailUrl\":\"https:\/\/sl.claudiotirinnanzi.it\/wp-content\/uploads\/2023\/11\/cabibbo-208x300.jpg\",\"datePublished\":\"2023-11-25T10:49:05+00:00\",\"dateModified\":\"2023-11-25T10:49:06+00:00\",\"breadcrumb\":{\"@id\":\"https:\/\/sl.claudiotirinnanzi.it\/?page_id=183#breadcrumb\"},\"inLanguage\":\"it-IT\",\"potentialAction\":[{\"@type\":\"ReadAction\",\"target\":[\"https:\/\/sl.claudiotirinnanzi.it\/?page_id=183\"]}]},{\"@type\":\"ImageObject\",\"inLanguage\":\"it-IT\",\"@id\":\"https:\/\/sl.claudiotirinnanzi.it\/?page_id=183#primaryimage\",\"url\":\"https:\/\/sl.claudiotirinnanzi.it\/wp-content\/uploads\/2023\/11\/cabibbo.jpg\",\"contentUrl\":\"https:\/\/sl.claudiotirinnanzi.it\/wp-content\/uploads\/2023\/11\/cabibbo.jpg\",\"width\":485,\"height\":700},{\"@type\":\"BreadcrumbList\",\"@id\":\"https:\/\/sl.claudiotirinnanzi.it\/?page_id=183#breadcrumb\",\"itemListElement\":[{\"@type\":\"ListItem\",\"position\":1,\"name\":\"Home\",\"item\":\"https:\/\/sl.claudiotirinnanzi.it\/\"},{\"@type\":\"ListItem\",\"position\":2,\"name\":\"Il nostro Pantheon\",\"item\":\"https:\/\/sl.claudiotirinnanzi.it\/?page_id=169\"},{\"@type\":\"ListItem\",\"position\":3,\"name\":\"Nicola CABIBBO\"}]},{\"@type\":\"WebSite\",\"@id\":\"https:\/\/sl.claudiotirinnanzi.it\/#website\",\"url\":\"https:\/\/sl.claudiotirinnanzi.it\/\",\"name\":\"Societ\u00e0 Libera\",\"description\":\"\",\"publisher\":{\"@id\":\"https:\/\/sl.claudiotirinnanzi.it\/#organization\"},\"potentialAction\":[{\"@type\":\"SearchAction\",\"target\":{\"@type\":\"EntryPoint\",\"urlTemplate\":\"https:\/\/sl.claudiotirinnanzi.it\/?s={search_term_string}\"},\"query-input\":{\"@type\":\"PropertyValueSpecification\",\"valueRequired\":true,\"valueName\":\"search_term_string\"}}],\"inLanguage\":\"it-IT\"},{\"@type\":\"Organization\",\"@id\":\"https:\/\/sl.claudiotirinnanzi.it\/#organization\",\"name\":\"Societ\u00e0 Libera\",\"url\":\"https:\/\/sl.claudiotirinnanzi.it\/\",\"logo\":{\"@type\":\"ImageObject\",\"inLanguage\":\"it-IT\",\"@id\":\"https:\/\/sl.claudiotirinnanzi.it\/#\/schema\/logo\/image\/\",\"url\":\"https:\/\/sl.claudiotirinnanzi.it\/wp-content\/uploads\/2023\/11\/logo-sl-blu.png\",\"contentUrl\":\"https:\/\/sl.claudiotirinnanzi.it\/wp-content\/uploads\/2023\/11\/logo-sl-blu.png\",\"width\":1140,\"height\":218,\"caption\":\"Societ\u00e0 Libera\"},\"image\":{\"@id\":\"https:\/\/sl.claudiotirinnanzi.it\/#\/schema\/logo\/image\/\"}}]}<\/script>\n<!-- \/ Yoast SEO plugin. -->","yoast_head_json":{"title":"Nicola CABIBBO - Societ\u00e0 Libera","robots":{"index":"index","follow":"follow","max-snippet":"max-snippet:-1","max-image-preview":"max-image-preview:large","max-video-preview":"max-video-preview:-1"},"canonical":"https:\/\/sl.claudiotirinnanzi.it\/?page_id=183","og_locale":"it_IT","og_type":"article","og_title":"Nicola CABIBBO - Societ\u00e0 Libera","og_description":"1935 Roma \u2013 2010 Roma","og_url":"https:\/\/sl.claudiotirinnanzi.it\/?page_id=183","og_site_name":"Societ\u00e0 Libera","article_modified_time":"2023-11-25T10:49:06+00:00","og_image":[{"url":"https:\/\/sl.claudiotirinnanzi.it\/wp-content\/uploads\/2023\/11\/cabibbo-208x300.jpg"}],"twitter_card":"summary_large_image","twitter_misc":{"Tempo di lettura stimato":"1 minuto"},"schema":{"@context":"https:\/\/schema.org","@graph":[{"@type":"WebPage","@id":"https:\/\/sl.claudiotirinnanzi.it\/?page_id=183","url":"https:\/\/sl.claudiotirinnanzi.it\/?page_id=183","name":"Nicola CABIBBO - Societ\u00e0 Libera","isPartOf":{"@id":"https:\/\/sl.claudiotirinnanzi.it\/#website"},"primaryImageOfPage":{"@id":"https:\/\/sl.claudiotirinnanzi.it\/?page_id=183#primaryimage"},"image":{"@id":"https:\/\/sl.claudiotirinnanzi.it\/?page_id=183#primaryimage"},"thumbnailUrl":"https:\/\/sl.claudiotirinnanzi.it\/wp-content\/uploads\/2023\/11\/cabibbo-208x300.jpg","datePublished":"2023-11-25T10:49:05+00:00","dateModified":"2023-11-25T10:49:06+00:00","breadcrumb":{"@id":"https:\/\/sl.claudiotirinnanzi.it\/?page_id=183#breadcrumb"},"inLanguage":"it-IT","potentialAction":[{"@type":"ReadAction","target":["https:\/\/sl.claudiotirinnanzi.it\/?page_id=183"]}]},{"@type":"ImageObject","inLanguage":"it-IT","@id":"https:\/\/sl.claudiotirinnanzi.it\/?page_id=183#primaryimage","url":"https:\/\/sl.claudiotirinnanzi.it\/wp-content\/uploads\/2023\/11\/cabibbo.jpg","contentUrl":"https:\/\/sl.claudiotirinnanzi.it\/wp-content\/uploads\/2023\/11\/cabibbo.jpg","width":485,"height":700},{"@type":"BreadcrumbList","@id":"https:\/\/sl.claudiotirinnanzi.it\/?page_id=183#breadcrumb","itemListElement":[{"@type":"ListItem","position":1,"name":"Home","item":"https:\/\/sl.claudiotirinnanzi.it\/"},{"@type":"ListItem","position":2,"name":"Il nostro Pantheon","item":"https:\/\/sl.claudiotirinnanzi.it\/?page_id=169"},{"@type":"ListItem","position":3,"name":"Nicola CABIBBO"}]},{"@type":"WebSite","@id":"https:\/\/sl.claudiotirinnanzi.it\/#website","url":"https:\/\/sl.claudiotirinnanzi.it\/","name":"Societ\u00e0 Libera","description":"","publisher":{"@id":"https:\/\/sl.claudiotirinnanzi.it\/#organization"},"potentialAction":[{"@type":"SearchAction","target":{"@type":"EntryPoint","urlTemplate":"https:\/\/sl.claudiotirinnanzi.it\/?s={search_term_string}"},"query-input":{"@type":"PropertyValueSpecification","valueRequired":true,"valueName":"search_term_string"}}],"inLanguage":"it-IT"},{"@type":"Organization","@id":"https:\/\/sl.claudiotirinnanzi.it\/#organization","name":"Societ\u00e0 Libera","url":"https:\/\/sl.claudiotirinnanzi.it\/","logo":{"@type":"ImageObject","inLanguage":"it-IT","@id":"https:\/\/sl.claudiotirinnanzi.it\/#\/schema\/logo\/image\/","url":"https:\/\/sl.claudiotirinnanzi.it\/wp-content\/uploads\/2023\/11\/logo-sl-blu.png","contentUrl":"https:\/\/sl.claudiotirinnanzi.it\/wp-content\/uploads\/2023\/11\/logo-sl-blu.png","width":1140,"height":218,"caption":"Societ\u00e0 Libera"},"image":{"@id":"https:\/\/sl.claudiotirinnanzi.it\/#\/schema\/logo\/image\/"}}]}},"acf":[],"_links":{"self":[{"href":"https:\/\/sl.claudiotirinnanzi.it\/index.php?rest_route=\/wp\/v2\/pages\/183","targetHints":{"allow":["GET"]}}],"collection":[{"href":"https:\/\/sl.claudiotirinnanzi.it\/index.php?rest_route=\/wp\/v2\/pages"}],"about":[{"href":"https:\/\/sl.claudiotirinnanzi.it\/index.php?rest_route=\/wp\/v2\/types\/page"}],"author":[{"embeddable":true,"href":"https:\/\/sl.claudiotirinnanzi.it\/index.php?rest_route=\/wp\/v2\/users\/1"}],"replies":[{"embeddable":true,"href":"https:\/\/sl.claudiotirinnanzi.it\/index.php?rest_route=%2Fwp%2Fv2%2Fcomments&post=183"}],"version-history":[{"count":1,"href":"https:\/\/sl.claudiotirinnanzi.it\/index.php?rest_route=\/wp\/v2\/pages\/183\/revisions"}],"predecessor-version":[{"id":185,"href":"https:\/\/sl.claudiotirinnanzi.it\/index.php?rest_route=\/wp\/v2\/pages\/183\/revisions\/185"}],"up":[{"embeddable":true,"href":"https:\/\/sl.claudiotirinnanzi.it\/index.php?rest_route=\/wp\/v2\/pages\/169"}],"wp:attachment":[{"href":"https:\/\/sl.claudiotirinnanzi.it\/index.php?rest_route=%2Fwp%2Fv2%2Fmedia&parent=183"}],"curies":[{"name":"wp","href":"https:\/\/api.w.org\/{rel}","templated":true}]}}