{"id":61,"date":"2023-11-25T09:41:50","date_gmt":"2023-11-25T09:41:50","guid":{"rendered":"https:\/\/sl.claudiotirinnanzi.it\/?page_id=61"},"modified":"2023-11-25T09:41:50","modified_gmt":"2023-11-25T09:41:50","slug":"chi-siamo","status":"publish","type":"page","link":"https:\/\/sl.claudiotirinnanzi.it\/?page_id=61","title":{"rendered":"Chi Siamo"},"content":{"rendered":"<div class=\"wp-block-image\">\n<figure class=\"alignleft\"><img decoding=\"async\" src=\"https:\/\/lnx.societalibera.org\/wp\/wp-content\/uploads\/2018\/02\/ralf-dahrendorf-274x300.jpg\" alt=\"Ralf Dahrendorf\" class=\"wp-image-147\"\/><\/figure>\n<\/div>\n\n\n<p>Con Societ\u00e0 Libera esponenti del mondo accademico ed imprenditoriale hanno ritenuto di dar vita ad una aggregazione, capace di arricchire il dibattito culturale e contribuire cos\u00ec al processo di trasformazione della societ\u00e0 italiana. Societ\u00e0 Libera vuole essere un\u2019opportunit\u00e0 di collegamento per coloro che condividono sia la necessit\u00e0 di riflettere su cosa una societ\u00e0 liberale richieda per essere sostanzialmente tale, sia l\u2019opportunit\u00e0 di soffermarsi, oltre che sulle affermazioni, anche sulle difficolt\u00e0 e gli insuccessi che la cultura liberale incontra nelle societ\u00e0 occidentali e neo-industriali. Non vuole essere una chiamata alla mobilitazione per vecchi e nuovi liberali, bens\u00ec un appello alla consapevolezza che la legittimazione di uno Stato di diritto \u00e8 basata anche sulla sua capacit\u00e0 di dare risposte adeguate ai problemi della societ\u00e0 civile. Societ\u00e0 Libera rappresenta, per la prima volta nel nostro paese, un esempio di istituzione privata che si occupa di cultura politica senza essere parte politica. Una istituzione che considera la politica un \u201cgioco a somma positiva\u201d, dove la condivisione delle regole garantisce che la diversit\u00e0 delle opinioni e degli interessi non \u00e8 una quotidiana minaccia. Convegni, seminari, mostre, attivit\u00e0 editoriali sono tra i programmi dell\u2019Associazione.<\/p>\n\n\n\n<p><em>\u201cLa societ\u00e0 liberale, non \u00e8 una prerogativa di alcun partito politico. E\u2019 un obiettivo di significato pi\u00f9 ampio, e pi\u00f9 globale. E\u2019 pi\u00f9 importante riflettere su cosa una societ\u00e0 liberale richiede piuttosto che costruire un nuovo liberalismo\u201d.<\/em><\/p>\n\n\n\n<p><strong>R. Dahrendorf<\/strong><\/p>\n\n\n<div class=\"wp-block-image\">\n<figure class=\"alignright\"><img decoding=\"async\" src=\"https:\/\/lnx.societalibera.org\/wp\/wp-content\/uploads\/2018\/02\/friedrich-von-hayek-3-300x250.jpg\" alt=\"Friedrich Von Hayek\" class=\"wp-image-154\"\/><\/figure>\n<\/div>\n\n\n<p><em>\u201cDobbiamo ridare alla costruzione della societ\u00e0 libera il senso di un\u2019avventura intellettuale, di un atto di coraggio. Ci\u00f2 che ci manca \u00e8 una utopia liberale, un programma che non sembri n\u00e8 una pura difesa dello status quo, n\u00e8 una forma diluita di socialismo, ma un radicalismo veramente liberale che non risparmi l\u2019arroganza del potere\u2026<\/em><br><em>Finch\u00e8 i fondamenti filosofici di una societ\u00e0 libera non verranno resi materia intellettuale viva, e la loro diffusione non diverr\u00e0 uno sforzo che sfidi l\u2019ingegno e l\u2019immaginazione delle nostre menti pi\u00f9 vivaci, il futuro della libert\u00e0 sar\u00e0 necessariamente oscuro. Ma se riacquisteremo quella fiducia nel potere delle idee che fu il marchio del liberalismo, la battaglia non sar\u00e0 perduta\u201d.<\/em><\/p>\n\n\n\n<p><strong>Friedrich A. von Hayek<\/strong><\/p>\n","protected":false},"excerpt":{"rendered":"<p>Con Societ\u00e0 Libera esponenti del mondo accademico ed imprenditoriale hanno ritenuto di dar vita ad una aggregazione, capace di arricchire il dibattito culturale e contribuire cos\u00ec al processo di trasformazione della societ\u00e0 italiana. Societ\u00e0 Libera vuole essere un\u2019opportunit\u00e0 di collegamento per coloro che condividono sia la necessit\u00e0 di riflettere su cosa una societ\u00e0 liberale richieda &hellip;<\/p>\n","protected":false},"author":1,"featured_media":0,"parent":0,"menu_order":0,"comment_status":"closed","ping_status":"closed","template":"","meta":{"_genesis_hide_title":false,"_genesis_hide_breadcrumbs":false,"_genesis_hide_singular_image":false,"_genesis_hide_footer_widgets":false,"_genesis_custom_body_class":"","_genesis_custom_post_class":"","_genesis_layout":"","footnotes":""},"class_list":{"1":"page","2":"type-page","5":"entry"},"yoast_head":"<!-- This site is optimized with the Yoast SEO plugin v23.8 - https:\/\/yoast.com\/wordpress\/plugins\/seo\/ -->\n<title>Chi Siamo - Societ\u00e0 Libera<\/title>\n<meta name=\"robots\" content=\"index, follow, max-snippet:-1, max-image-preview:large, max-video-preview:-1\" \/>\n<link rel=\"canonical\" href=\"https:\/\/sl.claudiotirinnanzi.it\/?page_id=61\" \/>\n<meta property=\"og:locale\" content=\"it_IT\" \/>\n<meta property=\"og:type\" content=\"article\" \/>\n<meta property=\"og:title\" content=\"Chi Siamo - Societ\u00e0 Libera\" \/>\n<meta property=\"og:description\" content=\"Con Societ\u00e0 Libera esponenti del mondo accademico ed imprenditoriale hanno ritenuto di dar vita ad una aggregazione, capace di arricchire il dibattito culturale e contribuire cos\u00ec al processo di trasformazione della societ\u00e0 italiana. Societ\u00e0 Libera vuole essere un\u2019opportunit\u00e0 di collegamento per coloro che condividono sia la necessit\u00e0 di riflettere su cosa una societ\u00e0 liberale richieda &hellip;\" \/>\n<meta property=\"og:url\" content=\"https:\/\/sl.claudiotirinnanzi.it\/?page_id=61\" \/>\n<meta property=\"og:site_name\" content=\"Societ\u00e0 Libera\" \/>\n<meta property=\"og:image\" content=\"https:\/\/lnx.societalibera.org\/wp\/wp-content\/uploads\/2018\/02\/ralf-dahrendorf-274x300.jpg\" \/>\n<meta name=\"twitter:card\" content=\"summary_large_image\" \/>\n<meta name=\"twitter:label1\" content=\"Tempo di lettura stimato\" \/>\n\t<meta name=\"twitter:data1\" content=\"3 minuti\" \/>\n<script type=\"application\/ld+json\" class=\"yoast-schema-graph\">{\"@context\":\"https:\/\/schema.org\",\"@graph\":[{\"@type\":\"WebPage\",\"@id\":\"https:\/\/sl.claudiotirinnanzi.it\/?page_id=61\",\"url\":\"https:\/\/sl.claudiotirinnanzi.it\/?page_id=61\",\"name\":\"Chi Siamo - Societ\u00e0 Libera\",\"isPartOf\":{\"@id\":\"https:\/\/sl.claudiotirinnanzi.it\/#website\"},\"primaryImageOfPage\":{\"@id\":\"https:\/\/sl.claudiotirinnanzi.it\/?page_id=61#primaryimage\"},\"image\":{\"@id\":\"https:\/\/sl.claudiotirinnanzi.it\/?page_id=61#primaryimage\"},\"thumbnailUrl\":\"https:\/\/lnx.societalibera.org\/wp\/wp-content\/uploads\/2018\/02\/ralf-dahrendorf-274x300.jpg\",\"datePublished\":\"2023-11-25T09:41:50+00:00\",\"dateModified\":\"2023-11-25T09:41:50+00:00\",\"breadcrumb\":{\"@id\":\"https:\/\/sl.claudiotirinnanzi.it\/?page_id=61#breadcrumb\"},\"inLanguage\":\"it-IT\",\"potentialAction\":[{\"@type\":\"ReadAction\",\"target\":[\"https:\/\/sl.claudiotirinnanzi.it\/?page_id=61\"]}]},{\"@type\":\"ImageObject\",\"inLanguage\":\"it-IT\",\"@id\":\"https:\/\/sl.claudiotirinnanzi.it\/?page_id=61#primaryimage\",\"url\":\"https:\/\/lnx.societalibera.org\/wp\/wp-content\/uploads\/2018\/02\/ralf-dahrendorf-274x300.jpg\",\"contentUrl\":\"https:\/\/lnx.societalibera.org\/wp\/wp-content\/uploads\/2018\/02\/ralf-dahrendorf-274x300.jpg\"},{\"@type\":\"BreadcrumbList\",\"@id\":\"https:\/\/sl.claudiotirinnanzi.it\/?page_id=61#breadcrumb\",\"itemListElement\":[{\"@type\":\"ListItem\",\"position\":1,\"name\":\"Home\",\"item\":\"https:\/\/sl.claudiotirinnanzi.it\/\"},{\"@type\":\"ListItem\",\"position\":2,\"name\":\"Chi Siamo\"}]},{\"@type\":\"WebSite\",\"@id\":\"https:\/\/sl.claudiotirinnanzi.it\/#website\",\"url\":\"https:\/\/sl.claudiotirinnanzi.it\/\",\"name\":\"Societ\u00e0 Libera\",\"description\":\"\",\"publisher\":{\"@id\":\"https:\/\/sl.claudiotirinnanzi.it\/#organization\"},\"potentialAction\":[{\"@type\":\"SearchAction\",\"target\":{\"@type\":\"EntryPoint\",\"urlTemplate\":\"https:\/\/sl.claudiotirinnanzi.it\/?s={search_term_string}\"},\"query-input\":{\"@type\":\"PropertyValueSpecification\",\"valueRequired\":true,\"valueName\":\"search_term_string\"}}],\"inLanguage\":\"it-IT\"},{\"@type\":\"Organization\",\"@id\":\"https:\/\/sl.claudiotirinnanzi.it\/#organization\",\"name\":\"Societ\u00e0 Libera\",\"url\":\"https:\/\/sl.claudiotirinnanzi.it\/\",\"logo\":{\"@type\":\"ImageObject\",\"inLanguage\":\"it-IT\",\"@id\":\"https:\/\/sl.claudiotirinnanzi.it\/#\/schema\/logo\/image\/\",\"url\":\"https:\/\/sl.claudiotirinnanzi.it\/wp-content\/uploads\/2023\/11\/logo-sl-blu.png\",\"contentUrl\":\"https:\/\/sl.claudiotirinnanzi.it\/wp-content\/uploads\/2023\/11\/logo-sl-blu.png\",\"width\":1140,\"height\":218,\"caption\":\"Societ\u00e0 Libera\"},\"image\":{\"@id\":\"https:\/\/sl.claudiotirinnanzi.it\/#\/schema\/logo\/image\/\"}}]}<\/script>\n<!-- \/ Yoast SEO plugin. -->","yoast_head_json":{"title":"Chi Siamo - Societ\u00e0 Libera","robots":{"index":"index","follow":"follow","max-snippet":"max-snippet:-1","max-image-preview":"max-image-preview:large","max-video-preview":"max-video-preview:-1"},"canonical":"https:\/\/sl.claudiotirinnanzi.it\/?page_id=61","og_locale":"it_IT","og_type":"article","og_title":"Chi Siamo - Societ\u00e0 Libera","og_description":"Con Societ\u00e0 Libera esponenti del mondo accademico ed imprenditoriale hanno ritenuto di dar vita ad una aggregazione, capace di arricchire il dibattito culturale e contribuire cos\u00ec al processo di trasformazione della societ\u00e0 italiana. Societ\u00e0 Libera vuole essere un\u2019opportunit\u00e0 di collegamento per coloro che condividono sia la necessit\u00e0 di riflettere su cosa una societ\u00e0 liberale richieda &hellip;","og_url":"https:\/\/sl.claudiotirinnanzi.it\/?page_id=61","og_site_name":"Societ\u00e0 Libera","og_image":[{"url":"https:\/\/lnx.societalibera.org\/wp\/wp-content\/uploads\/2018\/02\/ralf-dahrendorf-274x300.jpg"}],"twitter_card":"summary_large_image","twitter_misc":{"Tempo di lettura stimato":"3 minuti"},"schema":{"@context":"https:\/\/schema.org","@graph":[{"@type":"WebPage","@id":"https:\/\/sl.claudiotirinnanzi.it\/?page_id=61","url":"https:\/\/sl.claudiotirinnanzi.it\/?page_id=61","name":"Chi Siamo - Societ\u00e0 Libera","isPartOf":{"@id":"https:\/\/sl.claudiotirinnanzi.it\/#website"},"primaryImageOfPage":{"@id":"https:\/\/sl.claudiotirinnanzi.it\/?page_id=61#primaryimage"},"image":{"@id":"https:\/\/sl.claudiotirinnanzi.it\/?page_id=61#primaryimage"},"thumbnailUrl":"https:\/\/lnx.societalibera.org\/wp\/wp-content\/uploads\/2018\/02\/ralf-dahrendorf-274x300.jpg","datePublished":"2023-11-25T09:41:50+00:00","dateModified":"2023-11-25T09:41:50+00:00","breadcrumb":{"@id":"https:\/\/sl.claudiotirinnanzi.it\/?page_id=61#breadcrumb"},"inLanguage":"it-IT","potentialAction":[{"@type":"ReadAction","target":["https:\/\/sl.claudiotirinnanzi.it\/?page_id=61"]}]},{"@type":"ImageObject","inLanguage":"it-IT","@id":"https:\/\/sl.claudiotirinnanzi.it\/?page_id=61#primaryimage","url":"https:\/\/lnx.societalibera.org\/wp\/wp-content\/uploads\/2018\/02\/ralf-dahrendorf-274x300.jpg","contentUrl":"https:\/\/lnx.societalibera.org\/wp\/wp-content\/uploads\/2018\/02\/ralf-dahrendorf-274x300.jpg"},{"@type":"BreadcrumbList","@id":"https:\/\/sl.claudiotirinnanzi.it\/?page_id=61#breadcrumb","itemListElement":[{"@type":"ListItem","position":1,"name":"Home","item":"https:\/\/sl.claudiotirinnanzi.it\/"},{"@type":"ListItem","position":2,"name":"Chi Siamo"}]},{"@type":"WebSite","@id":"https:\/\/sl.claudiotirinnanzi.it\/#website","url":"https:\/\/sl.claudiotirinnanzi.it\/","name":"Societ\u00e0 Libera","description":"","publisher":{"@id":"https:\/\/sl.claudiotirinnanzi.it\/#organization"},"potentialAction":[{"@type":"SearchAction","target":{"@type":"EntryPoint","urlTemplate":"https:\/\/sl.claudiotirinnanzi.it\/?s={search_term_string}"},"query-input":{"@type":"PropertyValueSpecification","valueRequired":true,"valueName":"search_term_string"}}],"inLanguage":"it-IT"},{"@type":"Organization","@id":"https:\/\/sl.claudiotirinnanzi.it\/#organization","name":"Societ\u00e0 Libera","url":"https:\/\/sl.claudiotirinnanzi.it\/","logo":{"@type":"ImageObject","inLanguage":"it-IT","@id":"https:\/\/sl.claudiotirinnanzi.it\/#\/schema\/logo\/image\/","url":"https:\/\/sl.claudiotirinnanzi.it\/wp-content\/uploads\/2023\/11\/logo-sl-blu.png","contentUrl":"https:\/\/sl.claudiotirinnanzi.it\/wp-content\/uploads\/2023\/11\/logo-sl-blu.png","width":1140,"height":218,"caption":"Societ\u00e0 Libera"},"image":{"@id":"https:\/\/sl.claudiotirinnanzi.it\/#\/schema\/logo\/image\/"}}]}},"acf":[],"_links":{"self":[{"href":"https:\/\/sl.claudiotirinnanzi.it\/index.php?rest_route=\/wp\/v2\/pages\/61","targetHints":{"allow":["GET"]}}],"collection":[{"href":"https:\/\/sl.claudiotirinnanzi.it\/index.php?rest_route=\/wp\/v2\/pages"}],"about":[{"href":"https:\/\/sl.claudiotirinnanzi.it\/index.php?rest_route=\/wp\/v2\/types\/page"}],"author":[{"embeddable":true,"href":"https:\/\/sl.claudiotirinnanzi.it\/index.php?rest_route=\/wp\/v2\/users\/1"}],"replies":[{"embeddable":true,"href":"https:\/\/sl.claudiotirinnanzi.it\/index.php?rest_route=%2Fwp%2Fv2%2Fcomments&post=61"}],"version-history":[{"count":1,"href":"https:\/\/sl.claudiotirinnanzi.it\/index.php?rest_route=\/wp\/v2\/pages\/61\/revisions"}],"predecessor-version":[{"id":62,"href":"https:\/\/sl.claudiotirinnanzi.it\/index.php?rest_route=\/wp\/v2\/pages\/61\/revisions\/62"}],"wp:attachment":[{"href":"https:\/\/sl.claudiotirinnanzi.it\/index.php?rest_route=%2Fwp%2Fv2%2Fmedia&parent=61"}],"curies":[{"name":"wp","href":"https:\/\/api.w.org\/{rel}","templated":true}]}}