{"id":68,"date":"2023-11-25T09:43:18","date_gmt":"2023-11-25T09:43:18","guid":{"rendered":"https:\/\/sl.claudiotirinnanzi.it\/?page_id=68"},"modified":"2023-11-25T09:43:18","modified_gmt":"2023-11-25T09:43:18","slug":"aderisci","status":"publish","type":"page","link":"https:\/\/sl.claudiotirinnanzi.it\/?page_id=68","title":{"rendered":"Aderisci"},"content":{"rendered":"\n<h2 class=\"wp-block-heading\">Aderisci<\/h2>\n\n\n\n<h5 class=\"wp-block-heading\"><strong>Perch\u00e9 Sostenere Societ\u00e0 Libera.<\/strong><\/h5>\n\n\n\n<p>Costituendo Societ\u00e0 Libera, nel marzo del \u201998, avvertimmo l\u2019esigenza di superare approcci culturali precostituiti e vecchie appartenenze, che spesso finiscono per ricondurre su posizioni di parte impegni ed energie intellettuali che pur dovrebbero essere lontani da logiche di schieramento. Pur consapevoli delle difficolt\u00e0 di affermare una concezione e di una pratica del liberalismo lontana dalle molte e, talvolta inadeguate, interpretazioni, auspichiamo un liberalismo razionale, non gridato, fondato su una continua revisione delle certezze. Vogliamo contribuire alla realizzazione di una societ\u00e0 liberale, nella convinzione che questo modello sappia favorire un incremento di opportunit\u00e0 per tutti, in un contesto semplificato di regole, capaci di assicurare coesione sociale. Il nostro impegno \u00e8 di far crescere una comunit\u00e0 culturale di persone intellettualmente libere, disposte a partecipare ad un progetto che vada al di l\u00e0 di convenienze e conformismi. Vogliamo essere un soggetto culturale che dialoghi con le diverse componenti del liberalismo, al fine di elaborare e realizzare iniziative tese a produrre consapevolezza e riflessione sulle risposte necessarie alle numerose e complesse sfide poste alla nostra convivenza. Con questi propositi auspichiamo la pi\u00f9 ampia partecipazione e il coinvolgimento di quanti sono disponibili a condividere la nostra \u201cavventura intellettuale\u201d.<\/p>\n\n\n\n<h5 class=\"wp-block-heading\"><strong>Si pu\u00f2 sostenere Societ\u00e0 Libera nei seguenti modi:<\/strong><\/h5>\n\n\n\n<h5 class=\"wp-block-heading\"><strong>Adesioni<\/strong><\/h5>\n\n\n\n<p><strong>Si pu\u00f2 sottoscrivere l\u2019adesione all\u2019Associazione \u201cSociet\u00e0 Libera\u201d versando<\/strong><br><strong>una quota annuale minima di \u20ac 100 per i soci ordinari o di \u20ac 1.000 per i soci sostenitori.<\/strong><\/p>\n\n\n\n<p><strong>Potete aderire tramite questo sito al link \u201c<a href=\"https:\/\/lnx.societalibera.org\/wp\/richiesta-di-iscrizione\/\">adesione online<\/a>\u201co scaricando e stampando il&nbsp;<a href=\"https:\/\/lnx.societalibera.org\/wp\/wp-content\/uploads\/2018\/12\/Richiesta-iscrizione-a-Societ%C3%A0-Libera-nuovo-conto-Banco-Popolare-di-Milano.pdf\">modulo cartaceo<\/a>&nbsp;e inviandolo con posta ordinaria al recapito indicato sul modulo.<\/strong><\/p>\n\n\n\n<p><strong>La quota di adesione e di rinnovo annuale pu\u00f2 essere versata con bonifico bancario sul&nbsp;Conto corrente IBAN: IT30 Z050 3403 2650 0000 0001 680 intestato a Societ\u00e0 Libera -Banco Popolare di Milano \u2013 Filiale di Roma \u2013&nbsp;oppure con carta di credito tramite PayPal cliccando sul bottone seguente:<\/strong><\/p>\n","protected":false},"excerpt":{"rendered":"<p>Aderisci Perch\u00e9 Sostenere Societ\u00e0 Libera. Costituendo Societ\u00e0 Libera, nel marzo del \u201998, avvertimmo l\u2019esigenza di superare approcci culturali precostituiti e vecchie appartenenze, che spesso finiscono per ricondurre su posizioni di parte impegni ed energie intellettuali che pur dovrebbero essere lontani da logiche di schieramento. Pur consapevoli delle difficolt\u00e0 di affermare una concezione e di una &hellip;<\/p>\n","protected":false},"author":1,"featured_media":0,"parent":0,"menu_order":0,"comment_status":"closed","ping_status":"closed","template":"","meta":{"_genesis_hide_title":false,"_genesis_hide_breadcrumbs":false,"_genesis_hide_singular_image":false,"_genesis_hide_footer_widgets":false,"_genesis_custom_body_class":"","_genesis_custom_post_class":"","_genesis_layout":"","footnotes":""},"class_list":{"1":"page","2":"type-page","5":"entry"},"yoast_head":"<!-- This site is optimized with the Yoast SEO plugin v23.8 - https:\/\/yoast.com\/wordpress\/plugins\/seo\/ -->\n<title>Aderisci - Societ\u00e0 Libera<\/title>\n<meta name=\"robots\" content=\"index, follow, max-snippet:-1, max-image-preview:large, max-video-preview:-1\" \/>\n<link rel=\"canonical\" href=\"https:\/\/sl.claudiotirinnanzi.it\/?page_id=68\" \/>\n<meta property=\"og:locale\" content=\"it_IT\" \/>\n<meta property=\"og:type\" content=\"article\" \/>\n<meta property=\"og:title\" content=\"Aderisci - Societ\u00e0 Libera\" \/>\n<meta property=\"og:description\" content=\"Aderisci Perch\u00e9 Sostenere Societ\u00e0 Libera. Costituendo Societ\u00e0 Libera, nel marzo del \u201998, avvertimmo l\u2019esigenza di superare approcci culturali precostituiti e vecchie appartenenze, che spesso finiscono per ricondurre su posizioni di parte impegni ed energie intellettuali che pur dovrebbero essere lontani da logiche di schieramento. Pur consapevoli delle difficolt\u00e0 di affermare una concezione e di una &hellip;\" \/>\n<meta property=\"og:url\" content=\"https:\/\/sl.claudiotirinnanzi.it\/?page_id=68\" \/>\n<meta property=\"og:site_name\" content=\"Societ\u00e0 Libera\" \/>\n<meta name=\"twitter:card\" content=\"summary_large_image\" \/>\n<meta name=\"twitter:label1\" content=\"Tempo di lettura stimato\" \/>\n\t<meta name=\"twitter:data1\" content=\"2 minuti\" \/>\n<script type=\"application\/ld+json\" class=\"yoast-schema-graph\">{\"@context\":\"https:\/\/schema.org\",\"@graph\":[{\"@type\":\"WebPage\",\"@id\":\"https:\/\/sl.claudiotirinnanzi.it\/?page_id=68\",\"url\":\"https:\/\/sl.claudiotirinnanzi.it\/?page_id=68\",\"name\":\"Aderisci - Societ\u00e0 Libera\",\"isPartOf\":{\"@id\":\"https:\/\/sl.claudiotirinnanzi.it\/#website\"},\"datePublished\":\"2023-11-25T09:43:18+00:00\",\"dateModified\":\"2023-11-25T09:43:18+00:00\",\"breadcrumb\":{\"@id\":\"https:\/\/sl.claudiotirinnanzi.it\/?page_id=68#breadcrumb\"},\"inLanguage\":\"it-IT\",\"potentialAction\":[{\"@type\":\"ReadAction\",\"target\":[\"https:\/\/sl.claudiotirinnanzi.it\/?page_id=68\"]}]},{\"@type\":\"BreadcrumbList\",\"@id\":\"https:\/\/sl.claudiotirinnanzi.it\/?page_id=68#breadcrumb\",\"itemListElement\":[{\"@type\":\"ListItem\",\"position\":1,\"name\":\"Home\",\"item\":\"https:\/\/sl.claudiotirinnanzi.it\/\"},{\"@type\":\"ListItem\",\"position\":2,\"name\":\"Aderisci\"}]},{\"@type\":\"WebSite\",\"@id\":\"https:\/\/sl.claudiotirinnanzi.it\/#website\",\"url\":\"https:\/\/sl.claudiotirinnanzi.it\/\",\"name\":\"Societ\u00e0 Libera\",\"description\":\"\",\"publisher\":{\"@id\":\"https:\/\/sl.claudiotirinnanzi.it\/#organization\"},\"potentialAction\":[{\"@type\":\"SearchAction\",\"target\":{\"@type\":\"EntryPoint\",\"urlTemplate\":\"https:\/\/sl.claudiotirinnanzi.it\/?s={search_term_string}\"},\"query-input\":{\"@type\":\"PropertyValueSpecification\",\"valueRequired\":true,\"valueName\":\"search_term_string\"}}],\"inLanguage\":\"it-IT\"},{\"@type\":\"Organization\",\"@id\":\"https:\/\/sl.claudiotirinnanzi.it\/#organization\",\"name\":\"Societ\u00e0 Libera\",\"url\":\"https:\/\/sl.claudiotirinnanzi.it\/\",\"logo\":{\"@type\":\"ImageObject\",\"inLanguage\":\"it-IT\",\"@id\":\"https:\/\/sl.claudiotirinnanzi.it\/#\/schema\/logo\/image\/\",\"url\":\"https:\/\/sl.claudiotirinnanzi.it\/wp-content\/uploads\/2023\/11\/logo-sl-blu.png\",\"contentUrl\":\"https:\/\/sl.claudiotirinnanzi.it\/wp-content\/uploads\/2023\/11\/logo-sl-blu.png\",\"width\":1140,\"height\":218,\"caption\":\"Societ\u00e0 Libera\"},\"image\":{\"@id\":\"https:\/\/sl.claudiotirinnanzi.it\/#\/schema\/logo\/image\/\"}}]}<\/script>\n<!-- \/ Yoast SEO plugin. -->","yoast_head_json":{"title":"Aderisci - Societ\u00e0 Libera","robots":{"index":"index","follow":"follow","max-snippet":"max-snippet:-1","max-image-preview":"max-image-preview:large","max-video-preview":"max-video-preview:-1"},"canonical":"https:\/\/sl.claudiotirinnanzi.it\/?page_id=68","og_locale":"it_IT","og_type":"article","og_title":"Aderisci - Societ\u00e0 Libera","og_description":"Aderisci Perch\u00e9 Sostenere Societ\u00e0 Libera. Costituendo Societ\u00e0 Libera, nel marzo del \u201998, avvertimmo l\u2019esigenza di superare approcci culturali precostituiti e vecchie appartenenze, che spesso finiscono per ricondurre su posizioni di parte impegni ed energie intellettuali che pur dovrebbero essere lontani da logiche di schieramento. Pur consapevoli delle difficolt\u00e0 di affermare una concezione e di una &hellip;","og_url":"https:\/\/sl.claudiotirinnanzi.it\/?page_id=68","og_site_name":"Societ\u00e0 Libera","twitter_card":"summary_large_image","twitter_misc":{"Tempo di lettura stimato":"2 minuti"},"schema":{"@context":"https:\/\/schema.org","@graph":[{"@type":"WebPage","@id":"https:\/\/sl.claudiotirinnanzi.it\/?page_id=68","url":"https:\/\/sl.claudiotirinnanzi.it\/?page_id=68","name":"Aderisci - Societ\u00e0 Libera","isPartOf":{"@id":"https:\/\/sl.claudiotirinnanzi.it\/#website"},"datePublished":"2023-11-25T09:43:18+00:00","dateModified":"2023-11-25T09:43:18+00:00","breadcrumb":{"@id":"https:\/\/sl.claudiotirinnanzi.it\/?page_id=68#breadcrumb"},"inLanguage":"it-IT","potentialAction":[{"@type":"ReadAction","target":["https:\/\/sl.claudiotirinnanzi.it\/?page_id=68"]}]},{"@type":"BreadcrumbList","@id":"https:\/\/sl.claudiotirinnanzi.it\/?page_id=68#breadcrumb","itemListElement":[{"@type":"ListItem","position":1,"name":"Home","item":"https:\/\/sl.claudiotirinnanzi.it\/"},{"@type":"ListItem","position":2,"name":"Aderisci"}]},{"@type":"WebSite","@id":"https:\/\/sl.claudiotirinnanzi.it\/#website","url":"https:\/\/sl.claudiotirinnanzi.it\/","name":"Societ\u00e0 Libera","description":"","publisher":{"@id":"https:\/\/sl.claudiotirinnanzi.it\/#organization"},"potentialAction":[{"@type":"SearchAction","target":{"@type":"EntryPoint","urlTemplate":"https:\/\/sl.claudiotirinnanzi.it\/?s={search_term_string}"},"query-input":{"@type":"PropertyValueSpecification","valueRequired":true,"valueName":"search_term_string"}}],"inLanguage":"it-IT"},{"@type":"Organization","@id":"https:\/\/sl.claudiotirinnanzi.it\/#organization","name":"Societ\u00e0 Libera","url":"https:\/\/sl.claudiotirinnanzi.it\/","logo":{"@type":"ImageObject","inLanguage":"it-IT","@id":"https:\/\/sl.claudiotirinnanzi.it\/#\/schema\/logo\/image\/","url":"https:\/\/sl.claudiotirinnanzi.it\/wp-content\/uploads\/2023\/11\/logo-sl-blu.png","contentUrl":"https:\/\/sl.claudiotirinnanzi.it\/wp-content\/uploads\/2023\/11\/logo-sl-blu.png","width":1140,"height":218,"caption":"Societ\u00e0 Libera"},"image":{"@id":"https:\/\/sl.claudiotirinnanzi.it\/#\/schema\/logo\/image\/"}}]}},"acf":[],"_links":{"self":[{"href":"https:\/\/sl.claudiotirinnanzi.it\/index.php?rest_route=\/wp\/v2\/pages\/68","targetHints":{"allow":["GET"]}}],"collection":[{"href":"https:\/\/sl.claudiotirinnanzi.it\/index.php?rest_route=\/wp\/v2\/pages"}],"about":[{"href":"https:\/\/sl.claudiotirinnanzi.it\/index.php?rest_route=\/wp\/v2\/types\/page"}],"author":[{"embeddable":true,"href":"https:\/\/sl.claudiotirinnanzi.it\/index.php?rest_route=\/wp\/v2\/users\/1"}],"replies":[{"embeddable":true,"href":"https:\/\/sl.claudiotirinnanzi.it\/index.php?rest_route=%2Fwp%2Fv2%2Fcomments&post=68"}],"version-history":[{"count":1,"href":"https:\/\/sl.claudiotirinnanzi.it\/index.php?rest_route=\/wp\/v2\/pages\/68\/revisions"}],"predecessor-version":[{"id":69,"href":"https:\/\/sl.claudiotirinnanzi.it\/index.php?rest_route=\/wp\/v2\/pages\/68\/revisions\/69"}],"wp:attachment":[{"href":"https:\/\/sl.claudiotirinnanzi.it\/index.php?rest_route=%2Fwp%2Fv2%2Fmedia&parent=68"}],"curies":[{"name":"wp","href":"https:\/\/api.w.org\/{rel}","templated":true}]}}